{"id":6,"date":"2019-09-29T18:00:19","date_gmt":"2019-09-29T16:00:19","guid":{"rendered":"http:\/\/lespnn.fr\/?page_id=6"},"modified":"2022-03-28T23:48:16","modified_gmt":"2022-03-28T21:48:16","slug":"contact","status":"publish","type":"page","link":"https:\/\/lespnn.fr\/index.php\/contact\/","title":{"rendered":"Contact"},"content":{"rendered":"\n<p>Si\u00e8ge social : PNN, 54 rue Marcel Paul, 50100 Cherbourg en Cotentin<\/p>\n\n\n\n<p>Nous \u00e9crire : <\/p>\n\n\n\n<div class=\"wp-block-contact-form-7-contact-form-selector\">\n<div class=\"wpcf7 no-js\" id=\"wpcf7-f390-o1\" lang=\"fr-FR\" dir=\"ltr\" data-wpcf7-id=\"390\">\n<div class=\"screen-reader-response\"><p role=\"status\" aria-live=\"polite\" aria-atomic=\"true\"><\/p> <ul><\/ul><\/div>\n<form action=\"\/index.php\/wp-json\/wp\/v2\/pages\/6#wpcf7-f390-o1\" method=\"post\" class=\"wpcf7-form init\" aria-label=\"Formulaire de contact\" novalidate=\"novalidate\" data-status=\"init\">\n<fieldset class=\"hidden-fields-container\"><input type=\"hidden\" name=\"_wpcf7\" value=\"390\" \/><input type=\"hidden\" name=\"_wpcf7_version\" value=\"6.1.5\" \/><input type=\"hidden\" name=\"_wpcf7_locale\" value=\"fr_FR\" \/><input type=\"hidden\" name=\"_wpcf7_unit_tag\" value=\"wpcf7-f390-o1\" \/><input type=\"hidden\" name=\"_wpcf7_container_post\" value=\"0\" \/><input type=\"hidden\" name=\"_wpcf7_posted_data_hash\" value=\"\" \/>\n<\/fieldset>\n<p><label> Votre nom (obligatoire)<br \/>\n<span class=\"wpcf7-form-control-wrap\" data-name=\"your-name\"><input size=\"40\" maxlength=\"400\" class=\"wpcf7-form-control wpcf7-text wpcf7-validates-as-required\" aria-required=\"true\" aria-invalid=\"false\" value=\"\" type=\"text\" name=\"your-name\" \/><\/span> <\/label>\n<\/p>\n<p><label> Votre adresse de messagerie (obligatoire)<br \/>\n<span class=\"wpcf7-form-control-wrap\" data-name=\"your-email\"><input size=\"40\" maxlength=\"400\" class=\"wpcf7-form-control wpcf7-email wpcf7-validates-as-required wpcf7-text wpcf7-validates-as-email\" aria-required=\"true\" aria-invalid=\"false\" value=\"\" type=\"email\" name=\"your-email\" \/><\/span> <\/label>\n<\/p>\n<p><label> Objet<br \/>\n<span class=\"wpcf7-form-control-wrap\" data-name=\"your-subject\"><input size=\"40\" maxlength=\"400\" class=\"wpcf7-form-control wpcf7-text wpcf7-validates-as-required\" aria-required=\"true\" aria-invalid=\"false\" value=\"\" type=\"text\" name=\"your-subject\" \/><\/span> <\/label>\n<\/p>\n<p><label> Votre message<br \/>\n<span class=\"wpcf7-form-control-wrap\" data-name=\"your-message\"><textarea cols=\"40\" rows=\"10\" maxlength=\"2000\" class=\"wpcf7-form-control wpcf7-textarea\" aria-invalid=\"false\" name=\"your-message\"><\/textarea><\/span> <\/label>\n<\/p>\n<p><input class=\"wpcf7-form-control wpcf7-submit has-spinner\" type=\"submit\" value=\"Envoyer\" \/>\n<\/p><p style=\"display: none !important;\" class=\"akismet-fields-container\" data-prefix=\"_wpcf7_ak_\"><label>&#916;<textarea name=\"_wpcf7_ak_hp_textarea\" cols=\"45\" rows=\"8\" maxlength=\"100\"><\/textarea><\/label><input type=\"hidden\" id=\"ak_js_1\" name=\"_wpcf7_ak_js\" value=\"13\"\/><script>document.getElementById( \"ak_js_1\" ).setAttribute( \"value\", ( new Date() ).getTime() );<\/script><\/p><div class=\"wpcf7-response-output\" aria-hidden=\"true\"><\/div>\n<\/form>\n<\/div>\n<\/div>\n\n\n\n<p>L&rsquo;ensemble de ce site (images, textes) rel\u00e8ve de la l\u00e9gislation fran\u00e7aise et internationale sur le droit d&rsquo;auteur et la propri\u00e9t\u00e9  intellectuelle (L.122- 4 et L .122-5 du Code de la Propri\u00e9t\u00e9  Intellectuelle). Tous droits r\u00e9serv\u00e9s. Les photos ne doivent pas \u00eatre copi\u00e9es sans autorisation pour une utilisation commerciale, pour une diffusion publique, pour une mise en ligne sur un site Web, pour des  brochures ou affiches publicitaires. Merci de nous contacter pour obtenir  une \u00e9ventuelle autorisation. <\/p>\n\n\n\n<figure class=\"wp-block-image\"><img loading=\"lazy\" decoding=\"async\" width=\"680\" height=\"1024\" src=\"http:\/\/lespnn.fr\/wp-content\/uploads\/2019\/10\/La-d\u00e9chir\u00e9e-010_tn-680x1024.jpg\" alt=\"\" class=\"wp-image-140\" srcset=\"https:\/\/lespnn.fr\/wp-content\/uploads\/2019\/10\/La-d\u00e9chir\u00e9e-010_tn-680x1024.jpg 680w, https:\/\/lespnn.fr\/wp-content\/uploads\/2019\/10\/La-d\u00e9chir\u00e9e-010_tn-199x300.jpg 199w, https:\/\/lespnn.fr\/wp-content\/uploads\/2019\/10\/La-d\u00e9chir\u00e9e-010_tn-768x1156.jpg 768w, https:\/\/lespnn.fr\/wp-content\/uploads\/2019\/10\/La-d\u00e9chir\u00e9e-010_tn-624x939.jpg 624w, https:\/\/lespnn.fr\/wp-content\/uploads\/2019\/10\/La-d\u00e9chir\u00e9e-010_tn.jpg 800w\" sizes=\"auto, (max-width: 680px) 100vw, 680px\" \/><figcaption>Chausey, la D\u00e9chir\u00e9e<\/figcaption><\/figure>\n","protected":false},"excerpt":{"rendered":"<p>Si\u00e8ge social : PNN, 54 rue Marcel Paul, 50100 Cherbourg en Cotentin Nous \u00e9crire : L&rsquo;ensemble de ce site (images, textes) rel\u00e8ve de la l\u00e9gislation fran\u00e7aise et internationale sur le droit d&rsquo;auteur et la propri\u00e9t\u00e9 intellectuelle (L.122- 4 et L .122-5 du Code de la Propri\u00e9t\u00e9 Intellectuelle). Tous droits r\u00e9serv\u00e9s. Les photos ne doivent pas [&hellip;]<\/p>\n","protected":false},"author":1,"featured_media":0,"parent":0,"menu_order":0,"comment_status":"closed","ping_status":"closed","template":"","meta":{"footnotes":""},"class_list":["post-6","page","type-page","status-publish","hentry"],"_links":{"self":[{"href":"https:\/\/lespnn.fr\/index.php\/wp-json\/wp\/v2\/pages\/6","targetHints":{"allow":["GET"]}}],"collection":[{"href":"https:\/\/lespnn.fr\/index.php\/wp-json\/wp\/v2\/pages"}],"about":[{"href":"https:\/\/lespnn.fr\/index.php\/wp-json\/wp\/v2\/types\/page"}],"author":[{"embeddable":true,"href":"https:\/\/lespnn.fr\/index.php\/wp-json\/wp\/v2\/users\/1"}],"replies":[{"embeddable":true,"href":"https:\/\/lespnn.fr\/index.php\/wp-json\/wp\/v2\/comments?post=6"}],"version-history":[{"count":7,"href":"https:\/\/lespnn.fr\/index.php\/wp-json\/wp\/v2\/pages\/6\/revisions"}],"predecessor-version":[{"id":393,"href":"https:\/\/lespnn.fr\/index.php\/wp-json\/wp\/v2\/pages\/6\/revisions\/393"}],"wp:attachment":[{"href":"https:\/\/lespnn.fr\/index.php\/wp-json\/wp\/v2\/media?parent=6"}],"curies":[{"name":"wp","href":"https:\/\/api.w.org\/{rel}","templated":true}]}}